{"id":1588,"date":"2018-05-08T20:59:14","date_gmt":"2018-05-08T18:59:14","guid":{"rendered":"http:\/\/mj\u00f8sarundt.no\/?page_id=1588"},"modified":"2021-02-20T10:07:54","modified_gmt":"2021-02-20T09:07:54","slug":"mjosa-rundt-2020","status":"publish","type":"page","link":"https:\/\/www.xn--mjsarundt-m8a.no\/","title":{"rendered":"Mj\u00f8sa rundt 2021"},"content":{"rendered":"<p><img loading=\"lazy\" class=\"alignnone  wp-image-1794\" src=\"https:\/\/www.xn--mjsarundt-m8a.no\/wp-content\/uploads\/2020\/04\/Bilde-Mj\u00f8sa-300x105.jpg\" alt=\"\" width=\"523\" height=\"183\" srcset=\"https:\/\/www.xn--mjsarundt-m8a.no\/wp-content\/uploads\/2020\/04\/Bilde-Mj\u00f8sa-300x105.jpg 300w, https:\/\/www.xn--mjsarundt-m8a.no\/wp-content\/uploads\/2020\/04\/Bilde-Mj\u00f8sa-768x269.jpg 768w, https:\/\/www.xn--mjsarundt-m8a.no\/wp-content\/uploads\/2020\/04\/Bilde-Mj\u00f8sa-980x343.jpg 980w, https:\/\/www.xn--mjsarundt-m8a.no\/wp-content\/uploads\/2020\/04\/Bilde-Mj\u00f8sa-480x168.jpg 480w, https:\/\/www.xn--mjsarundt-m8a.no\/wp-content\/uploads\/2020\/04\/Bilde-Mj\u00f8sa.jpg 1024w\" sizes=\"(max-width: 523px) 100vw, 523px\" \/><\/p>\n<hr \/>\n<h1>Avlyst 20.02.2021<\/h1>\n<div class=\"kvgmc6g5 cxmmr5t8 oygrvhab hcukyx3x c1et5uql ii04i59q\">\n<div dir=\"auto\">Feiring IL har besluttet a\u030a ikke arrangere Mj\u00f8sa rundt i 2021. Den pa\u030aga\u030aende koronapandemien gj\u00f8r at det fortsatt er knyttet stor usikkerhet til om det er mulig a\u030a avvikle et sa\u030a stort arrangement tidlig i juni.<\/div>\n<\/div>\n<div class=\"o9v6fnle cxmmr5t8 oygrvhab hcukyx3x c1et5uql ii04i59q\">\n<div dir=\"auto\">Avgj\u00f8relsen handler ogsa\u030a om at det er vanskelig a\u030a planlegge med de restriksjonene vi stadig lever under &#8211; ikke minst a\u030a arrangere de n\u00f8dvendige kursene for trafikkvakter som vi trenger i forkant.<\/div>\n<\/div>\n<div class=\"o9v6fnle cxmmr5t8 oygrvhab hcukyx3x c1et5uql ii04i59q\">\n<div dir=\"auto\">Det er a\u030apenbart at vi f\u00f8lger ba\u030ade helsemyndighetenes og Idrettsforbundets anbefalinger na\u030ar det gjelder tiltak for a\u030a begrense koronasmitten.<\/div>\n<\/div>\n<div class=\"o9v6fnle cxmmr5t8 oygrvhab hcukyx3x c1et5uql ii04i59q\">\n<div dir=\"auto\">Kanskje vil mange v\u00e6re vaksinert na\u030ar vi kommer til slutten av mai, men Mj\u00f8sa rundt handler ikke kun om selve ritt-dagen, det handler ogsa\u030a om planleggingen og organiseringen p\u00e5 forh\u00e5nd. Det er krevende for en liten klubb som oss a\u030a drive forberedelser med sa\u030a mye usikkerhet, for s\u00e5 \u00e5 kanskje m\u00e5tte avlyse rittet na\u030ar vi kommer til juni.<\/div>\n<\/div>\n<div class=\"o9v6fnle cxmmr5t8 oygrvhab hcukyx3x c1et5uql ii04i59q\">\n<div dir=\"auto\">Det er en vanskelig beslutning a\u030a ta, og det er veldig kjedelig for alle syklister som har henvendt seg til oss og ha\u030apet at det skulle bli mulig a\u030a delta pa\u030a Mj\u00f8sa rundt 2021.<\/div>\n<\/div>\n<div class=\"o9v6fnle cxmmr5t8 oygrvhab hcukyx3x c1et5uql ii04i59q\">\n<div dir=\"auto\">Na\u030a ma\u030a vi se framover mot 2022 og kommer sterkere tilbake na\u030ar det er helsemessig forsvarlig for ba\u030ade syklister og ikke minst det store antallet frivillige som jobber dugnad for Feiring IL og det tradisjonsrike sykkelrittet.<\/div>\n<\/div>\n<div class=\"o9v6fnle cxmmr5t8 oygrvhab hcukyx3x c1et5uql ii04i59q\">\n<div dir=\"auto\">Mj\u00f8sa rundt ble i fjor avlyst for f\u00f8rste gang siden oppstarten i 1975. De siste a\u030arene har rundt 400 syklister a\u030arlig sta\u030att pa\u030a startstreken ved Feiring skole for a\u030a tra\u030akke Mj\u00f8sa rundt. Det 235 kilometer lange rittet er kjent for mange som en god \u00aboppvarming\u00bb foran Trondheim-Oslo to uker etter.<\/div>\n<div dir=\"auto\">Vi ses i 2022!<\/div>\n<\/div>\n<hr \/>\n<h1>Ett av Feiring ILs st\u00f8rste arrangementer gjennom \u00e5ret er sykkelrittet Mj\u00f8sa rundt. I \u00e5r er datoen s\u00f8ndag 7. juni.<\/h1>\n<aside>\n<div class=\"viktigeLenker\">\n<ul>\n<li><a href=\"https:\/\/signup.eqtiming.no\/Pamelding\/Mjosa-Rundt-2019\/g295.11578?Event=MjosaRundt\"><strong>P\u00e5melding<\/strong> til Mj\u00f8sa rundt<\/a><\/li>\n<li><a href=\"https:\/\/www.xn--mjsarundt-m8a.no\/wp-content\/uploads\/2020\/02\/mj\u00f8sarundt-2020.pdf\">Innbydelse<\/a><\/li>\n<li><a href=\"https:\/\/www.facebook.com\/MjosaRundt\/\">Mj\u00f8sa rundts Facebookside<\/a><\/li>\n<li><a href=\"https:\/\/www.facebook.com\/events\/2347483568699514\/\">Arrangementet Mj\u00f8sa rundt 2020 p\u00e5 Facebook<\/a><\/li>\n<\/ul>\n<\/div>\n<div class=\"sponsorer\">\n<div class=\"sponsor\"><img src=\"https:\/\/www.xn--mjsarundt-m8a.no\/wp-content\/uploads\/2017\/03\/aasen-bil.jpg\" width=\"300\" \/><\/div>\n<div class=\"sponsor\"><img src=\"https:\/\/www.xn--mjsarundt-m8a.no\/wp-content\/uploads\/2017\/03\/oma-logo.png\" width=\"300\" \/><\/div>\n<div class=\"sponsor\"><img loading=\"lazy\" class=\"alignnone wp-image-1658\" src=\"https:\/\/www.xn--mjsarundt-m8a.no\/wp-content\/uploads\/2019\/03\/Akershusgartner-300x300.jpg\" alt=\"\" width=\"168\" height=\"168\" srcset=\"https:\/\/www.xn--mjsarundt-m8a.no\/wp-content\/uploads\/2019\/03\/Akershusgartner-300x300.jpg 300w, https:\/\/www.xn--mjsarundt-m8a.no\/wp-content\/uploads\/2019\/03\/Akershusgartner-150x150.jpg 150w, https:\/\/www.xn--mjsarundt-m8a.no\/wp-content\/uploads\/2019\/03\/Akershusgartner-1024x1024.jpg 1024w\" sizes=\"(max-width: 168px) 100vw, 168px\" \/><\/div>\n<div class=\"sponsor\"><img src=\"https:\/\/www.xn--mjsarundt-m8a.no\/wp-content\/uploads\/2017\/03\/totenbanken.png\" width=\"200\" \/><\/div>\n<\/div>\n<\/aside>\n<p>Turittet arrangeres i \u00e5r for 46. gang &#8211; som alltid to uker f\u00f8r Styrkepr\u00f8ven.<\/p>\n<p>Denne gangen krever det ekstra stor innsats av arrang\u00f8rklubben Feiring idrettslag, etter at reglene for kursing av trafikkvakter er blitt mye strengere. Men dugnads\u00e5nden er stor og vi takker alle som stiller opp for FIL, b\u00e5de denne s\u00f8ndagen og mange andre dager. Vi h\u00e5per p\u00e5 ekstra stor oppslutning p\u00e5 startstreken.\u00a0<a href=\"https:\/\/signup.eqtiming.no\/?Event=MjosaRundt&amp;lang=norwegian\" target=\"_blank\" rel=\"noopener noreferrer\">P\u00e5melding finner du her!<\/a> Startkontingent er 500 kr frem til 14. mai kl. 23.59. Deretter 600 frem til 6. juni. P\u00e5melding p\u00e5 rittdagen koster 750.\u00a0 F\u00f8rste start g\u00e5r kl 08.00.<\/p>\n<p><a href=\"https:\/\/www.facebook.com\/MjosaRundt\/\" target=\"_blank\" rel=\"noopener noreferrer\">Du kan ogs\u00e5 f\u00f8lge Mj\u00f8sa rundt p\u00e5 Facebook her<\/a> &#8211; og du kan <a href=\"https:\/\/www.facebook.com\/events\/274524260104664\/\" target=\"_blank\" rel=\"noopener noreferrer\">f\u00f8lge selve arrangementet og melde deg interessert her<\/a>. Del gjerne &laquo;eventet&raquo; med gode sykkelvenner som kanskje vil ha en utfordring!<\/p>\n<p>I fjor var det 470 p\u00e5meldte ryttere. Ogs\u00e5 i \u00e5r kan man velge mellom den lange\/originale ruta, som gir 230 kilometer p\u00e5 sykkelsetet helt nord om Lillehammer, eller man kan n\u00f8ye seg med 178 kilometer som er lengden p\u00e5 ruta over Mj\u00f8sbrua (Biri-Moelv). Rittet har start og m\u00e5l ved Feiring skole.<\/p>\n<p>Ved stor deltakelse kan det hende at vi ikke f\u00e5r plass til at alle ryttere parkerer ved skolen. Da blir det tilleggsparkering ved samfunnshuset Fl\u00f8ygir, som ligger dr\u00f8ye 500 meter s\u00f8r for startomr\u00e5det. Vi ber om forst\u00e5else for dette.<\/p>\n<div style=\"width: 50%; float: left;\">\n<div id=\"attachment_1667\" style=\"width: 310px\" class=\"wp-caption alignleft\"><img aria-describedby=\"caption-attachment-1667\" loading=\"lazy\" class=\"wp-image-1667 size-medium\" src=\"https:\/\/feiringil.no\/wp1\/wp-content\/uploads\/2018\/05\/Matstasjoner2018-e1525684214784-300x300.jpg\" alt=\"\" width=\"300\" height=\"300\" \/><p id=\"caption-attachment-1667\" class=\"wp-caption-text\">Den originale l\u00f8ypa g\u00e5r rundt hele Mj\u00f8sa. Via Lillehammer (utenfor bildet) og nedom Minnesund (utenfor bildet).<\/p><\/div>\n<\/div>\n<div style=\"width: 50%; float: left;\">\n<div id=\"attachment_1669\" style=\"width: 310px\" class=\"wp-caption alignright\"><img aria-describedby=\"caption-attachment-1669\" loading=\"lazy\" class=\"wp-image-1669 size-medium\" src=\"https:\/\/feiringil.no\/wp1\/wp-content\/uploads\/2018\/05\/matstasjon-mj\u00f8sa-rundt-300x300.jpg\" alt=\"\" width=\"300\" height=\"300\" \/><p id=\"caption-attachment-1669\" class=\"wp-caption-text\"><em>Fire matstasjoner rundt l\u00f8ypa. <\/em><\/p><\/div>\n<\/div>\n<div style=\"width: 50%; float: left; clear: left;\">\n<div id=\"attachment_1668\" style=\"width: 310px\" class=\"wp-caption alignleft\"><img aria-describedby=\"caption-attachment-1668\" loading=\"lazy\" class=\"wp-image-1668 size-medium\" src=\"https:\/\/feiringil.no\/wp1\/wp-content\/uploads\/2018\/05\/mat-mj\u00f8sa-rundt-300x300.jpg\" alt=\"\" width=\"300\" height=\"300\" \/><p id=\"caption-attachment-1668\" class=\"wp-caption-text\">Feiring IL s\u00f8rger for gratis mat til alle ryttere n\u00e5r de kommer i m\u00e5l.<\/p><\/div>\n<\/div>\n<div style=\"width: 50%; float: left;\">\n<div id=\"attachment_1671\" style=\"width: 310px\" class=\"wp-caption alignright\"><img aria-describedby=\"caption-attachment-1671\" loading=\"lazy\" class=\"wp-image-1671\" src=\"https:\/\/feiringil.no\/wp1\/wp-content\/uploads\/2018\/05\/Arena-mj\u00f8sa-rundt-2018-300x300.jpg\" alt=\"\" width=\"300\" height=\"300\" \/><p id=\"caption-attachment-1671\" class=\"wp-caption-text\">Feiring skole er utgangspunktet for Mj\u00f8sa rundt.<\/p><\/div>\n<\/div>\n<div style=\"clear: both;\">Tusenvis av syklister har opp gjennom \u00e5rene brukt dette rittet som en tes<span class=\"text_exposed_show\">t og gjennomkj\u00f8ring f\u00f8r Trondheim-Oslo. Mj\u00f8sa rundt har alle turklasser, el-sykler og tandem. Det er fire matstasjoner rundt innsj\u00f8en, ved Gj\u00f8vik, etter Lillehammer, ved Moelv og i Stange &#8211; se kart. Og selvf\u00f8lgelig matservering p\u00e5 skolen n\u00e5r du kommer i m\u00e5l.\u00a0<\/span><\/div>\n<p><em><strong>Feiring IL \u00f8nsker deg velkommen til Mj\u00f8sa Rundt s\u00f8ndag 7. juni 2020!<\/strong><\/em><\/p>\n<div id=\"attachment_952\" style=\"width: 310px\" class=\"wp-caption alignleft\"><img aria-describedby=\"caption-attachment-952\" loading=\"lazy\" class=\"wp-image-952 size-medium\" src=\"https:\/\/www.xn--mjsarundt-m8a.no\/wp-content\/uploads\/2017\/01\/11416360_10153425641284759_8888042911176472157_o-300x300.jpg\" alt=\"\" width=\"300\" height=\"300\" srcset=\"https:\/\/www.xn--mjsarundt-m8a.no\/wp-content\/uploads\/2017\/01\/11416360_10153425641284759_8888042911176472157_o-300x300.jpg 300w, https:\/\/www.xn--mjsarundt-m8a.no\/wp-content\/uploads\/2017\/01\/11416360_10153425641284759_8888042911176472157_o-150x150.jpg 150w, https:\/\/www.xn--mjsarundt-m8a.no\/wp-content\/uploads\/2017\/01\/11416360_10153425641284759_8888042911176472157_o-1024x1024.jpg 1024w\" sizes=\"(max-width: 300px) 100vw, 300px\" \/><p id=\"caption-attachment-952\" class=\"wp-caption-text\"><em>Per Fagerli og J\u00f8rn Brodshaug fra arrang\u00f8rklubben har syklet alle Mj\u00f8sa rundt gjennom historien. <\/em><\/p><\/div>\n","protected":false},"excerpt":{"rendered":"<p>Avlyst 20.02.2021 Feiring IL har besluttet a\u030a ikke arrangere Mj\u00f8sa rundt i 2021. Den pa\u030aga\u030aende koronapandemien gj\u00f8r at det fortsatt er knyttet stor usikkerhet til om det er mulig a\u030a avvikle et sa\u030a stort arrangement tidlig i juni. Avgj\u00f8relsen handler ogsa\u030a om at det er vanskelig a\u030a planlegge med de restriksjonene vi stadig lever under [&hellip;]<\/p>\n","protected":false},"author":2,"featured_media":0,"parent":0,"menu_order":0,"comment_status":"closed","ping_status":"closed","template":"","meta":{"_et_pb_use_builder":"off","_et_pb_old_content":"<img class=\"wp-image-1216 size-full\" src=\"https:\/\/www.xn--mjsarundt-m8a.no\/wp-content\/uploads\/2017\/02\/Mj\u00f8sa-rundt-2-Lisa-B-1-e1553544191692.jpg\" alt=\"\" width=\"1024\" height=\"358\" \/>\r\n<h1>Ett av Feiring ILs st\u00f8rste arrangementer gjennom \u00e5ret er sykkelrittet Mj\u00f8sa rundt. I \u00e5r er datoen s\u00f8ndag 9. juni.<\/h1>\r\n<aside>\r\n<div class=\"viktigeLenker\">\r\n<ul>\r\n \t<li><a href=\"https:\/\/signup.eqtiming.no\/Pamelding\/Mjosa-Rundt-2019\/g295.11578?Event=MjosaRundt\"><strong>P\u00e5melding<\/strong> til Mj\u00f8sa rundt<\/a><\/li>\r\n \t<li><a href=\"https:\/\/www.xn--mjsarundt-m8a.no\/wp-content\/uploads\/2019\/03\/mj\u00f8sarundt-2019.pdf\" target=\"_blank\" rel=\"noopener noreferrer\">Innbydelse<\/a><\/li>\r\n \t<li><a href=\"https:\/\/www.facebook.com\/MjosaRundt\/\">Mj\u00f8sa rundts Facebookside<\/a><\/li>\r\n \t<li><a href=\"https:\/\/www.facebook.com\/events\/274524260104664\/\">Arrangementet Mj\u00f8sa rundt 2019 p\u00e5 Facebook<\/a><\/li>\r\n<\/ul>\r\n<\/div>\r\n<div class=\"sponsorer\">\r\n<div class=\"sponsor\"><img src=\"https:\/\/www.xn--mjsarundt-m8a.no\/wp-content\/uploads\/2017\/03\/aasen-bil.jpg\" width=\"300\" \/><\/div>\r\n<div class=\"sponsor\"><img src=\"https:\/\/www.xn--mjsarundt-m8a.no\/wp-content\/uploads\/2017\/03\/oma-logo.png\" width=\"300\" \/><\/div>\r\n<div class=\"sponsor\"><img class=\"alignnone wp-image-1658\" src=\"https:\/\/www.xn--mjsarundt-m8a.no\/wp-content\/uploads\/2019\/03\/Akershusgartner-300x300.jpg\" alt=\"\" width=\"168\" height=\"168\" \/><\/div>\r\n<div class=\"sponsor\"><img src=\"https:\/\/www.xn--mjsarundt-m8a.no\/wp-content\/uploads\/2017\/03\/totenbanken.png\" width=\"200\" \/><\/div>\r\n<\/div>\r\n<\/aside>Turittet arrangeres i \u00e5r for 45. gang - som alltid to uker f\u00f8r Styrkepr\u00f8ven.\r\n\r\nDenne gangen krever det ekstra stor innsats av arrang\u00f8rklubben Feiring idrettslag, etter at reglene for kursing av trafikkvakter er blitt mye strengere. Men dugnads\u00e5nden er stor og vi takker alle som stiller opp for FIL, b\u00e5de denne s\u00f8ndagen og mange andre dager. Vi h\u00e5per p\u00e5 ekstra stor oppslutning p\u00e5 startstreken.\u00a0<a href=\"https:\/\/signup.eqtiming.no\/?Event=MjosaRundt&amp;lang=norwegian\" target=\"_blank\" rel=\"noopener noreferrer\">P\u00e5melding finner du her!<\/a> Startkontingent er 500 kr frem til 14. mai kl. 23.59. Deretter 600 frem til 8. juni. P\u00e5melding p\u00e5 rittdagen koster 750.\u00a0 F\u00f8rste start g\u00e5r kl 08.00.\r\n\r\n<a href=\"https:\/\/www.facebook.com\/MjosaRundt\/\" target=\"_blank\" rel=\"noopener noreferrer\">Du kan ogs\u00e5 f\u00f8lge Mj\u00f8sa rundt p\u00e5 Facebook her<\/a> - og du kan <a href=\"https:\/\/www.facebook.com\/events\/274524260104664\/\" target=\"_blank\" rel=\"noopener noreferrer\">f\u00f8lge selve arrangementet og melde deg interessert her<\/a>. Del gjerne \"eventet\" med gode sykkelvenner som kanskje vil ha en utfordring!\r\n\r\nI fjor var det 470 p\u00e5meldte ryttere. Ogs\u00e5 i \u00e5r kan man velge mellom den lange\/originale ruta, som gir 230 kilometer p\u00e5 sykkelsetet helt nord om Lillehammer, eller man kan n\u00f8ye seg med 178 kilometer som er lengden p\u00e5 ruta over Mj\u00f8sbrua (Biri-Moelv). Rittet har start og m\u00e5l ved Feiring skole.\r\n\r\nVed stor deltakelse kan det hende at vi ikke f\u00e5r plass til at alle ryttere parkerer ved skolen. Da blir det tilleggsparkering ved samfunnshuset Fl\u00f8ygir, som ligger dr\u00f8ye 500 meter s\u00f8r for startomr\u00e5det. Vi ber om forst\u00e5else for dette.\r\n<div style=\"width: 50%; float: left;\">\r\n\r\n[caption id=\"attachment_1667\" align=\"alignleft\" width=\"300\"]<img class=\"wp-image-1667 size-medium\" src=\"https:\/\/feiringil.no\/wp1\/wp-content\/uploads\/2018\/05\/Matstasjoner2018-e1525684214784-300x300.jpg\" alt=\"\" width=\"300\" height=\"300\" \/> Den originale l\u00f8ypa g\u00e5r rundt hele Mj\u00f8sa. Via Lillehammer (utenfor bildet) og nedom Minnesund (utenfor bildet).[\/caption]\r\n\r\n<\/div>\r\n<div style=\"width: 50%; float: left;\">\r\n\r\n[caption id=\"attachment_1669\" align=\"alignright\" width=\"300\"]<img class=\"wp-image-1669 size-medium\" src=\"https:\/\/feiringil.no\/wp1\/wp-content\/uploads\/2018\/05\/matstasjon-mj\u00f8sa-rundt-300x300.jpg\" alt=\"\" width=\"300\" height=\"300\" \/> <em>Fire matstasjoner rundt l\u00f8ypa. <\/em>[\/caption]\r\n\r\n<\/div>\r\n<div style=\"width: 50%; float: left; clear: left;\">\r\n\r\n[caption id=\"attachment_1668\" align=\"alignleft\" width=\"300\"]<img class=\"wp-image-1668 size-medium\" src=\"https:\/\/feiringil.no\/wp1\/wp-content\/uploads\/2018\/05\/mat-mj\u00f8sa-rundt-300x300.jpg\" alt=\"\" width=\"300\" height=\"300\" \/> Feiring IL s\u00f8rger for gratis mat til alle ryttere n\u00e5r de kommer i m\u00e5l.[\/caption]\r\n\r\n<\/div>\r\n<div style=\"width: 50%; float: left;\">\r\n\r\n[caption id=\"attachment_1671\" align=\"alignright\" width=\"300\"]<img class=\"wp-image-1671\" src=\"https:\/\/feiringil.no\/wp1\/wp-content\/uploads\/2018\/05\/Arena-mj\u00f8sa-rundt-2018-300x300.jpg\" alt=\"\" width=\"300\" height=\"300\" \/> Feiring skole er utgangspunktet for Mj\u00f8sa rundt.[\/caption]\r\n\r\n<\/div>\r\n<div style=\"clear: both;\">Tusenvis av syklister har opp gjennom \u00e5rene brukt dette rittet som en tes<span class=\"text_exposed_show\">t og gjennomkj\u00f8ring f\u00f8r Trondheim-Oslo. Mj\u00f8sa rundt har alle turklasser, el-sykler og tandem. Det er fire matstasjoner rundt innsj\u00f8en, ved Gj\u00f8vik, etter Lillehammer, ved Moelv og i Stange - se kart. Og selvf\u00f8lgelig matservering p\u00e5 skolen n\u00e5r du kommer i m\u00e5l.\u00a0<\/span><\/div>\r\n<em><strong>Feiring IL \u00f8nsker deg velkommen til Mj\u00f8sa Rundt s\u00f8ndag 9. juni 2019!<\/strong><\/em>\r\n\r\n[caption id=\"attachment_952\" align=\"alignleft\" width=\"300\"]<img class=\"wp-image-952 size-medium\" src=\"https:\/\/www.xn--mjsarundt-m8a.no\/wp-content\/uploads\/2017\/01\/11416360_10153425641284759_8888042911176472157_o-300x300.jpg\" alt=\"\" width=\"300\" height=\"300\" \/> <em>Per Fagerli og J\u00f8rn Brodshaug fra arrang\u00f8rklubben har syklet alle Mj\u00f8sa rundt gjennom historien. <\/em>[\/caption]","_et_gb_content_width":""},"_links":{"self":[{"href":"https:\/\/www.xn--mjsarundt-m8a.no\/index.php?rest_route=\/wp\/v2\/pages\/1588"}],"collection":[{"href":"https:\/\/www.xn--mjsarundt-m8a.no\/index.php?rest_route=\/wp\/v2\/pages"}],"about":[{"href":"https:\/\/www.xn--mjsarundt-m8a.no\/index.php?rest_route=\/wp\/v2\/types\/page"}],"author":[{"embeddable":true,"href":"https:\/\/www.xn--mjsarundt-m8a.no\/index.php?rest_route=\/wp\/v2\/users\/2"}],"replies":[{"embeddable":true,"href":"https:\/\/www.xn--mjsarundt-m8a.no\/index.php?rest_route=%2Fwp%2Fv2%2Fcomments&post=1588"}],"version-history":[{"count":61,"href":"https:\/\/www.xn--mjsarundt-m8a.no\/index.php?rest_route=\/wp\/v2\/pages\/1588\/revisions"}],"predecessor-version":[{"id":1806,"href":"https:\/\/www.xn--mjsarundt-m8a.no\/index.php?rest_route=\/wp\/v2\/pages\/1588\/revisions\/1806"}],"wp:attachment":[{"href":"https:\/\/www.xn--mjsarundt-m8a.no\/index.php?rest_route=%2Fwp%2Fv2%2Fmedia&parent=1588"}],"curies":[{"name":"wp","href":"https:\/\/api.w.org\/{rel}","templated":true}]}}