{"id":1669,"date":"2019-03-24T19:49:57","date_gmt":"2019-03-24T18:49:57","guid":{"rendered":"http:\/\/www.mj\u00f8sarundt.no\/?page_id=1669"},"modified":"2019-05-14T08:42:34","modified_gmt":"2019-05-14T06:42:34","slug":"pamelding","status":"publish","type":"page","link":"https:\/\/www.xn--mjsarundt-m8a.no\/?page_id=1669","title":{"rendered":"P\u00e5melding"},"content":{"rendered":"<p>P\u00e5melding gj\u00f8res p\u00e5 <a href=\"https:\/\/signup.eqtiming.no\/Pamelding\/Mjosa-Rundt-2019\/g295.11578?Event=MjosaRundt\">https:\/\/signup.eqtiming.no\/?Event=MjosaRundt&amp;lang=norwegian<\/a><\/p>\n<p>&nbsp;<\/p>\n","protected":false},"excerpt":{"rendered":"<p>P\u00e5melding gj\u00f8res p\u00e5 https:\/\/signup.eqtiming.no\/?Event=MjosaRundt&amp;lang=norwegian &nbsp;<\/p>\n","protected":false},"author":6,"featured_media":0,"parent":0,"menu_order":0,"comment_status":"closed","ping_status":"closed","template":"","meta":{"_et_pb_use_builder":"","_et_pb_old_content":"","_et_gb_content_width":""},"_links":{"self":[{"href":"https:\/\/www.xn--mjsarundt-m8a.no\/index.php?rest_route=\/wp\/v2\/pages\/1669"}],"collection":[{"href":"https:\/\/www.xn--mjsarundt-m8a.no\/index.php?rest_route=\/wp\/v2\/pages"}],"about":[{"href":"https:\/\/www.xn--mjsarundt-m8a.no\/index.php?rest_route=\/wp\/v2\/types\/page"}],"author":[{"embeddable":true,"href":"https:\/\/www.xn--mjsarundt-m8a.no\/index.php?rest_route=\/wp\/v2\/users\/6"}],"replies":[{"embeddable":true,"href":"https:\/\/www.xn--mjsarundt-m8a.no\/index.php?rest_route=%2Fwp%2Fv2%2Fcomments&post=1669"}],"version-history":[{"count":5,"href":"https:\/\/www.xn--mjsarundt-m8a.no\/index.php?rest_route=\/wp\/v2\/pages\/1669\/revisions"}],"predecessor-version":[{"id":1762,"href":"https:\/\/www.xn--mjsarundt-m8a.no\/index.php?rest_route=\/wp\/v2\/pages\/1669\/revisions\/1762"}],"wp:attachment":[{"href":"https:\/\/www.xn--mjsarundt-m8a.no\/index.php?rest_route=%2Fwp%2Fv2%2Fmedia&parent=1669"}],"curies":[{"name":"wp","href":"https:\/\/api.w.org\/{rel}","templated":true}]}}