{"id":1765,"date":"2019-05-23T14:56:54","date_gmt":"2019-05-23T12:56:54","guid":{"rendered":"http:\/\/www.mj\u00f8sarundt.no\/?page_id=1765"},"modified":"2019-05-23T14:56:54","modified_gmt":"2019-05-23T12:56:54","slug":"rittregelement","status":"publish","type":"page","link":"https:\/\/www.xn--mjsarundt-m8a.no\/?page_id=1765","title":{"rendered":"Rittregelement"},"content":{"rendered":"<p>Mj\u00f8sa rundt arrangeres etter Norges Cycleforbund&#8217;s <a href=\"https:\/\/www.sykling.no\/sites\/default\/files\/media\/Dokumenter\/Lover%20og%20regler\/Reglement_for_turritt_landevei_2019.pdf\">reglement for turritt landevei.<\/a><\/p>\n<p>Under er ett utdrag av de viktigste reglene:<\/p>\n<ol>\n<li><strong>Det er p\u00e5budt \u00e5 benytte CE-godkjent hjelm<\/strong><\/li>\n<li>Landeveissykkel anbefales. Det er forbudt \u00e5 montere utstyr for temporitt<\/li>\n<li><strong>Vegtrafikkloven og rittreglement skal overholdes<\/strong>.<\/li>\n<li>F\u00f8lgekj\u00f8ret\u00f8y er IKKE tillatt i turritt.<\/li>\n<li>Alle deltakere plikter \u00e5 stanse og yte bistand ved ulykke<\/li>\n<\/ol>\n<h4>Lisens &#8211; deltakelse<\/h4>\n<p>Lisens fra Norges Cycleforbund, engangs- eller aktiv, er obligatorisk for \u00e5 delta i rittet.<\/p>\n<h4>F\u00f8lgekj\u00f8ret\u00f8y<\/h4>\n<ul>\n<li>Det er ikke tillatt \u00e5 bruke f\u00f8lgebil i norske turritt.<\/li>\n<li>F\u00f8lgebil er definert som et kj\u00f8ret\u00f8y som bevisst legger seg bak en pulje gjennom hele eller deler av rittet med den hensikt \u00e5 bist\u00e5 med teknisk hjelp, langing eller annet.<\/li>\n<li>Biler som ikke er akkreditert, skal f\u00f8lge ordin\u00e6r trafikk.<\/li>\n<li>Politi og funksjon\u00e6rer vil stoppe biler som ikke overholder dette.<\/li>\n<\/ul>\n<h4>Straffereaksjoner<\/h4>\n<ol>\n<li>Dersom en rytter opptrer uaktsomt, usportslig eller ikke f\u00f8lger veitrafikklovene, kan arrang\u00f8ren diskvalifisere eller nekte rytteren \u00e5 starte<\/li>\n<li>En rytter som kaster flasker, slanger, dekk, papir eller annet s\u00f8ppel vil f\u00e5 tillegg i tid eller diskvalifiseres, ref. punkt 1<\/li>\n<li>Lag som ikke overholder regler om f\u00f8lgebil kan bli ilagt tidsstraff eller diskvalifiseres<\/li>\n<\/ol>\n","protected":false},"excerpt":{"rendered":"<p>Mj\u00f8sa rundt arrangeres etter Norges Cycleforbund&#8217;s reglement for turritt landevei. Under er ett utdrag av de viktigste reglene: Det er p\u00e5budt \u00e5 benytte CE-godkjent hjelm Landeveissykkel anbefales. Det er forbudt \u00e5 montere utstyr for temporitt Vegtrafikkloven og rittreglement skal overholdes. F\u00f8lgekj\u00f8ret\u00f8y er IKKE tillatt i turritt. Alle deltakere plikter \u00e5 stanse og yte bistand ved [&hellip;]<\/p>\n","protected":false},"author":6,"featured_media":0,"parent":0,"menu_order":0,"comment_status":"closed","ping_status":"closed","template":"","meta":{"_et_pb_use_builder":"","_et_pb_old_content":"","_et_gb_content_width":""},"_links":{"self":[{"href":"https:\/\/www.xn--mjsarundt-m8a.no\/index.php?rest_route=\/wp\/v2\/pages\/1765"}],"collection":[{"href":"https:\/\/www.xn--mjsarundt-m8a.no\/index.php?rest_route=\/wp\/v2\/pages"}],"about":[{"href":"https:\/\/www.xn--mjsarundt-m8a.no\/index.php?rest_route=\/wp\/v2\/types\/page"}],"author":[{"embeddable":true,"href":"https:\/\/www.xn--mjsarundt-m8a.no\/index.php?rest_route=\/wp\/v2\/users\/6"}],"replies":[{"embeddable":true,"href":"https:\/\/www.xn--mjsarundt-m8a.no\/index.php?rest_route=%2Fwp%2Fv2%2Fcomments&post=1765"}],"version-history":[{"count":1,"href":"https:\/\/www.xn--mjsarundt-m8a.no\/index.php?rest_route=\/wp\/v2\/pages\/1765\/revisions"}],"predecessor-version":[{"id":1767,"href":"https:\/\/www.xn--mjsarundt-m8a.no\/index.php?rest_route=\/wp\/v2\/pages\/1765\/revisions\/1767"}],"wp:attachment":[{"href":"https:\/\/www.xn--mjsarundt-m8a.no\/index.php?rest_route=%2Fwp%2Fv2%2Fmedia&parent=1765"}],"curies":[{"name":"wp","href":"https:\/\/api.w.org\/{rel}","templated":true}]}}